{"id":4066,"date":"2022-06-21T13:31:03","date_gmt":"2022-06-21T12:31:03","guid":{"rendered":"https:\/\/include.eu\/postati-partner\/"},"modified":"2022-07-21T13:41:44","modified_gmt":"2022-07-21T12:41:44","slug":"postani-partner","status":"publish","type":"page","link":"https:\/\/include.eu\/hr\/postani-partner\/","title":{"rendered":"Postani Partner"},"content":{"rendered":"","protected":false},"excerpt":{"rendered":"","protected":false},"author":708,"featured_media":0,"parent":0,"menu_order":0,"comment_status":"closed","ping_status":"closed","template":"views\/template-sections.blade.php","meta":{"_acf_changed":false,"content-type":"","footnotes":""},"class_list":["post-4066","page","type-page","status-publish","hentry"],"acf":[],"yoast_head":"<!-- This site is optimized with the Yoast SEO plugin v23.8 - https:\/\/yoast.com\/wordpress\/plugins\/seo\/ -->\n<title>Postani Partner - Include<\/title>\n<meta name=\"description\" content=\"Uz rastu\u0107u marku Include i globalnu potrebu za inovativnim rje\u0161enjima u na\u0161im zajednicama, prona\u0107i \u0107ete nove tokove prihoda. Pridru\u017eite se na\u0161oj partnerskoj mre\u017ei.\" \/>\n<meta name=\"robots\" content=\"index, follow, max-snippet:-1, max-image-preview:large, max-video-preview:-1\" \/>\n<link rel=\"canonical\" href=\"https:\/\/include.eu\/hr\/postani-partner\/\" \/>\n<meta property=\"og:locale\" content=\"hr_HR\" \/>\n<meta property=\"og:type\" content=\"article\" \/>\n<meta property=\"og:title\" content=\"Postani Partner - Include\" \/>\n<meta property=\"og:description\" content=\"Uz rastu\u0107u marku Include i globalnu potrebu za inovativnim rje\u0161enjima u na\u0161im zajednicama, prona\u0107i \u0107ete nove tokove prihoda. Pridru\u017eite se na\u0161oj partnerskoj mre\u017ei.\" \/>\n<meta property=\"og:url\" content=\"https:\/\/include.eu\/hr\/postani-partner\/\" \/>\n<meta property=\"og:site_name\" content=\"Include\" \/>\n<meta property=\"article:publisher\" content=\"https:\/\/www.facebook.com\/includehr\/\" \/>\n<meta property=\"article:modified_time\" content=\"2022-07-21T12:41:44+00:00\" \/>\n<meta name=\"twitter:card\" content=\"summary_large_image\" \/>\n<meta name=\"twitter:site\" content=\"@include_ltd\" \/>\n<script type=\"application\/ld+json\" class=\"yoast-schema-graph\">{\"@context\":\"https:\/\/schema.org\",\"@graph\":[{\"@type\":\"WebPage\",\"@id\":\"https:\/\/include.eu\/hr\/postani-partner\/\",\"url\":\"https:\/\/include.eu\/hr\/postani-partner\/\",\"name\":\"Postani Partner - Include\",\"isPartOf\":{\"@id\":\"https:\/\/include.eu\/#website\"},\"datePublished\":\"2022-06-21T12:31:03+00:00\",\"dateModified\":\"2022-07-21T12:41:44+00:00\",\"description\":\"Uz rastu\u0107u marku Include i globalnu potrebu za inovativnim rje\u0161enjima u na\u0161im zajednicama, prona\u0107i \u0107ete nove tokove prihoda. Pridru\u017eite se na\u0161oj partnerskoj mre\u017ei.\",\"breadcrumb\":{\"@id\":\"https:\/\/include.eu\/hr\/postani-partner\/#breadcrumb\"},\"inLanguage\":\"hr\",\"potentialAction\":[{\"@type\":\"ReadAction\",\"target\":[\"https:\/\/include.eu\/hr\/postani-partner\/\"]}]},{\"@type\":\"BreadcrumbList\",\"@id\":\"https:\/\/include.eu\/hr\/postani-partner\/#breadcrumb\",\"itemListElement\":[{\"@type\":\"ListItem\",\"position\":1,\"name\":\"Home\",\"item\":\"https:\/\/include.eu\/hr\/dom\/\"},{\"@type\":\"ListItem\",\"position\":2,\"name\":\"Postani Partner\"}]},{\"@type\":\"WebSite\",\"@id\":\"https:\/\/include.eu\/#website\",\"url\":\"https:\/\/include.eu\/\",\"name\":\"Include\",\"description\":\"Transforming public spaces\",\"publisher\":{\"@id\":\"https:\/\/include.eu\/#organization\"},\"potentialAction\":[{\"@type\":\"SearchAction\",\"target\":{\"@type\":\"EntryPoint\",\"urlTemplate\":\"https:\/\/include.eu\/?s={search_term_string}\"},\"query-input\":{\"@type\":\"PropertyValueSpecification\",\"valueRequired\":true,\"valueName\":\"search_term_string\"}}],\"inLanguage\":\"hr\"},{\"@type\":\"Organization\",\"@id\":\"https:\/\/include.eu\/#organization\",\"name\":\"Include\",\"url\":\"https:\/\/include.eu\/\",\"logo\":{\"@type\":\"ImageObject\",\"inLanguage\":\"hr\",\"@id\":\"https:\/\/include.eu\/#\/schema\/logo\/image\/\",\"url\":\"https:\/\/include.eu\/app\/uploads\/2020\/12\/include-logo-black-on-white-jpg-5f3a43d048ac0-e1606831093688.jpg\",\"contentUrl\":\"https:\/\/include.eu\/app\/uploads\/2020\/12\/include-logo-black-on-white-jpg-5f3a43d048ac0-e1606831093688.jpg\",\"width\":966,\"height\":229,\"caption\":\"Include\"},\"image\":{\"@id\":\"https:\/\/include.eu\/#\/schema\/logo\/image\/\"},\"sameAs\":[\"https:\/\/www.facebook.com\/includehr\/\",\"https:\/\/x.com\/include_ltd\"]}]}<\/script>\n<!-- \/ Yoast SEO plugin. -->","yoast_head_json":{"title":"Postani Partner - Include","description":"Uz rastu\u0107u marku Include i globalnu potrebu za inovativnim rje\u0161enjima u na\u0161im zajednicama, prona\u0107i \u0107ete nove tokove prihoda. Pridru\u017eite se na\u0161oj partnerskoj mre\u017ei.","robots":{"index":"index","follow":"follow","max-snippet":"max-snippet:-1","max-image-preview":"max-image-preview:large","max-video-preview":"max-video-preview:-1"},"canonical":"https:\/\/include.eu\/hr\/postani-partner\/","og_locale":"hr_HR","og_type":"article","og_title":"Postani Partner - Include","og_description":"Uz rastu\u0107u marku Include i globalnu potrebu za inovativnim rje\u0161enjima u na\u0161im zajednicama, prona\u0107i \u0107ete nove tokove prihoda. Pridru\u017eite se na\u0161oj partnerskoj mre\u017ei.","og_url":"https:\/\/include.eu\/hr\/postani-partner\/","og_site_name":"Include","article_publisher":"https:\/\/www.facebook.com\/includehr\/","article_modified_time":"2022-07-21T12:41:44+00:00","twitter_card":"summary_large_image","twitter_site":"@include_ltd","schema":{"@context":"https:\/\/schema.org","@graph":[{"@type":"WebPage","@id":"https:\/\/include.eu\/hr\/postani-partner\/","url":"https:\/\/include.eu\/hr\/postani-partner\/","name":"Postani Partner - Include","isPartOf":{"@id":"https:\/\/include.eu\/#website"},"datePublished":"2022-06-21T12:31:03+00:00","dateModified":"2022-07-21T12:41:44+00:00","description":"Uz rastu\u0107u marku Include i globalnu potrebu za inovativnim rje\u0161enjima u na\u0161im zajednicama, prona\u0107i \u0107ete nove tokove prihoda. Pridru\u017eite se na\u0161oj partnerskoj mre\u017ei.","breadcrumb":{"@id":"https:\/\/include.eu\/hr\/postani-partner\/#breadcrumb"},"inLanguage":"hr","potentialAction":[{"@type":"ReadAction","target":["https:\/\/include.eu\/hr\/postani-partner\/"]}]},{"@type":"BreadcrumbList","@id":"https:\/\/include.eu\/hr\/postani-partner\/#breadcrumb","itemListElement":[{"@type":"ListItem","position":1,"name":"Home","item":"https:\/\/include.eu\/hr\/dom\/"},{"@type":"ListItem","position":2,"name":"Postani Partner"}]},{"@type":"WebSite","@id":"https:\/\/include.eu\/#website","url":"https:\/\/include.eu\/","name":"Include","description":"Transforming public spaces","publisher":{"@id":"https:\/\/include.eu\/#organization"},"potentialAction":[{"@type":"SearchAction","target":{"@type":"EntryPoint","urlTemplate":"https:\/\/include.eu\/?s={search_term_string}"},"query-input":{"@type":"PropertyValueSpecification","valueRequired":true,"valueName":"search_term_string"}}],"inLanguage":"hr"},{"@type":"Organization","@id":"https:\/\/include.eu\/#organization","name":"Include","url":"https:\/\/include.eu\/","logo":{"@type":"ImageObject","inLanguage":"hr","@id":"https:\/\/include.eu\/#\/schema\/logo\/image\/","url":"https:\/\/include.eu\/app\/uploads\/2020\/12\/include-logo-black-on-white-jpg-5f3a43d048ac0-e1606831093688.jpg","contentUrl":"https:\/\/include.eu\/app\/uploads\/2020\/12\/include-logo-black-on-white-jpg-5f3a43d048ac0-e1606831093688.jpg","width":966,"height":229,"caption":"Include"},"image":{"@id":"https:\/\/include.eu\/#\/schema\/logo\/image\/"},"sameAs":["https:\/\/www.facebook.com\/includehr\/","https:\/\/x.com\/include_ltd"]}]}},"_links":{"self":[{"href":"https:\/\/include.eu\/hr\/wp-json\/wp\/v2\/pages\/4066"}],"collection":[{"href":"https:\/\/include.eu\/hr\/wp-json\/wp\/v2\/pages"}],"about":[{"href":"https:\/\/include.eu\/hr\/wp-json\/wp\/v2\/types\/page"}],"author":[{"embeddable":true,"href":"https:\/\/include.eu\/hr\/wp-json\/wp\/v2\/users\/708"}],"replies":[{"embeddable":true,"href":"https:\/\/include.eu\/hr\/wp-json\/wp\/v2\/comments?post=4066"}],"version-history":[{"count":10,"href":"https:\/\/include.eu\/hr\/wp-json\/wp\/v2\/pages\/4066\/revisions"}],"predecessor-version":[{"id":4331,"href":"https:\/\/include.eu\/hr\/wp-json\/wp\/v2\/pages\/4066\/revisions\/4331"}],"wp:attachment":[{"href":"https:\/\/include.eu\/hr\/wp-json\/wp\/v2\/media?parent=4066"}],"curies":[{"name":"wp","href":"https:\/\/api.w.org\/{rel}","templated":true}]}}