{"id":3245,"date":"2022-03-21T13:40:28","date_gmt":"2022-03-21T12:40:28","guid":{"rendered":"https:\/\/include.eu\/dom\/"},"modified":"2022-07-21T09:14:51","modified_gmt":"2022-07-21T08:14:51","slug":"dom","status":"publish","type":"page","link":"https:\/\/include.eu\/hr\/","title":{"rendered":"Naslovnica"},"content":{"rendered":"<p>&#8212;&#8212;&#8212;-OSTAVI OVO PRAZNO&#8212;&#8212;&#8212;&#8211;<\/p>\n","protected":false},"excerpt":{"rendered":"<p>&#8212;&#8212;&#8212;-OSTAVI OVO PRAZNO&#8212;&#8212;&#8212;&#8211;<\/p>\n","protected":false},"author":7,"featured_media":0,"parent":0,"menu_order":0,"comment_status":"closed","ping_status":"closed","template":"","meta":{"_acf_changed":false,"content-type":"","footnotes":""},"class_list":["post-3245","page","type-page","status-publish","hentry"],"acf":[],"yoast_head":"<!-- This site is optimized with the Yoast SEO plugin v23.8 - https:\/\/yoast.com\/wordpress\/plugins\/seo\/ -->\n<title>- Include<\/title>\n<meta name=\"description\" content=\"Koriste\u0107i zelenu tehnologiju, Include stvara rje\u0161enja za pametne gradove za stvaranje povezanih i odr\u017eivih zajednica, \u0161to ga \u010dini boljim mjestom za \u017eivot.\" \/>\n<meta name=\"robots\" content=\"index, follow, max-snippet:-1, max-image-preview:large, max-video-preview:-1\" \/>\n<link rel=\"canonical\" href=\"https:\/\/include.eu\/hr\/dom\/\" \/>\n<meta property=\"og:locale\" content=\"hr_HR\" \/>\n<meta property=\"og:type\" content=\"article\" \/>\n<meta property=\"og:title\" content=\"- Include\" \/>\n<meta property=\"og:description\" content=\"Koriste\u0107i zelenu tehnologiju, Include stvara rje\u0161enja za pametne gradove za stvaranje povezanih i odr\u017eivih zajednica, \u0161to ga \u010dini boljim mjestom za \u017eivot.\" \/>\n<meta property=\"og:url\" content=\"https:\/\/include.eu\/hr\/dom\/\" \/>\n<meta property=\"og:site_name\" content=\"Include\" \/>\n<meta property=\"article:publisher\" content=\"https:\/\/www.facebook.com\/includehr\/\" \/>\n<meta property=\"article:modified_time\" content=\"2022-07-21T08:14:51+00:00\" \/>\n<meta name=\"twitter:card\" content=\"summary_large_image\" \/>\n<meta name=\"twitter:site\" content=\"@include_ltd\" \/>\n<script type=\"application\/ld+json\" class=\"yoast-schema-graph\">{\"@context\":\"https:\/\/schema.org\",\"@graph\":[{\"@type\":\"WebPage\",\"@id\":\"https:\/\/include.eu\/hr\/dom\/\",\"url\":\"https:\/\/include.eu\/hr\/dom\/\",\"name\":\"- Include\",\"isPartOf\":{\"@id\":\"https:\/\/include.eu\/#website\"},\"datePublished\":\"2022-03-21T12:40:28+00:00\",\"dateModified\":\"2022-07-21T08:14:51+00:00\",\"description\":\"Koriste\u0107i zelenu tehnologiju, Include stvara rje\u0161enja za pametne gradove za stvaranje povezanih i odr\u017eivih zajednica, \u0161to ga \u010dini boljim mjestom za \u017eivot.\",\"breadcrumb\":{\"@id\":\"https:\/\/include.eu\/hr\/dom\/#breadcrumb\"},\"inLanguage\":\"hr\",\"potentialAction\":[{\"@type\":\"ReadAction\",\"target\":[\"https:\/\/include.eu\/hr\/dom\/\"]}]},{\"@type\":\"BreadcrumbList\",\"@id\":\"https:\/\/include.eu\/hr\/dom\/#breadcrumb\",\"itemListElement\":[{\"@type\":\"ListItem\",\"position\":1,\"name\":\"Home\",\"item\":\"https:\/\/include.eu\/hr\/dom\/\"},{\"@type\":\"ListItem\",\"position\":2,\"name\":\"Naslovnica\"}]},{\"@type\":\"WebSite\",\"@id\":\"https:\/\/include.eu\/#website\",\"url\":\"https:\/\/include.eu\/\",\"name\":\"Include\",\"description\":\"Transforming public spaces\",\"publisher\":{\"@id\":\"https:\/\/include.eu\/#organization\"},\"potentialAction\":[{\"@type\":\"SearchAction\",\"target\":{\"@type\":\"EntryPoint\",\"urlTemplate\":\"https:\/\/include.eu\/?s={search_term_string}\"},\"query-input\":{\"@type\":\"PropertyValueSpecification\",\"valueRequired\":true,\"valueName\":\"search_term_string\"}}],\"inLanguage\":\"hr\"},{\"@type\":\"Organization\",\"@id\":\"https:\/\/include.eu\/#organization\",\"name\":\"Include\",\"url\":\"https:\/\/include.eu\/\",\"logo\":{\"@type\":\"ImageObject\",\"inLanguage\":\"hr\",\"@id\":\"https:\/\/include.eu\/#\/schema\/logo\/image\/\",\"url\":\"https:\/\/include.eu\/app\/uploads\/2020\/12\/include-logo-black-on-white-jpg-5f3a43d048ac0-e1606831093688.jpg\",\"contentUrl\":\"https:\/\/include.eu\/app\/uploads\/2020\/12\/include-logo-black-on-white-jpg-5f3a43d048ac0-e1606831093688.jpg\",\"width\":966,\"height\":229,\"caption\":\"Include\"},\"image\":{\"@id\":\"https:\/\/include.eu\/#\/schema\/logo\/image\/\"},\"sameAs\":[\"https:\/\/www.facebook.com\/includehr\/\",\"https:\/\/x.com\/include_ltd\"]}]}<\/script>\n<!-- \/ Yoast SEO plugin. -->","yoast_head_json":{"title":"- Include","description":"Koriste\u0107i zelenu tehnologiju, Include stvara rje\u0161enja za pametne gradove za stvaranje povezanih i odr\u017eivih zajednica, \u0161to ga \u010dini boljim mjestom za \u017eivot.","robots":{"index":"index","follow":"follow","max-snippet":"max-snippet:-1","max-image-preview":"max-image-preview:large","max-video-preview":"max-video-preview:-1"},"canonical":"https:\/\/include.eu\/hr\/dom\/","og_locale":"hr_HR","og_type":"article","og_title":"- Include","og_description":"Koriste\u0107i zelenu tehnologiju, Include stvara rje\u0161enja za pametne gradove za stvaranje povezanih i odr\u017eivih zajednica, \u0161to ga \u010dini boljim mjestom za \u017eivot.","og_url":"https:\/\/include.eu\/hr\/dom\/","og_site_name":"Include","article_publisher":"https:\/\/www.facebook.com\/includehr\/","article_modified_time":"2022-07-21T08:14:51+00:00","twitter_card":"summary_large_image","twitter_site":"@include_ltd","schema":{"@context":"https:\/\/schema.org","@graph":[{"@type":"WebPage","@id":"https:\/\/include.eu\/hr\/dom\/","url":"https:\/\/include.eu\/hr\/dom\/","name":"- Include","isPartOf":{"@id":"https:\/\/include.eu\/#website"},"datePublished":"2022-03-21T12:40:28+00:00","dateModified":"2022-07-21T08:14:51+00:00","description":"Koriste\u0107i zelenu tehnologiju, Include stvara rje\u0161enja za pametne gradove za stvaranje povezanih i odr\u017eivih zajednica, \u0161to ga \u010dini boljim mjestom za \u017eivot.","breadcrumb":{"@id":"https:\/\/include.eu\/hr\/dom\/#breadcrumb"},"inLanguage":"hr","potentialAction":[{"@type":"ReadAction","target":["https:\/\/include.eu\/hr\/dom\/"]}]},{"@type":"BreadcrumbList","@id":"https:\/\/include.eu\/hr\/dom\/#breadcrumb","itemListElement":[{"@type":"ListItem","position":1,"name":"Home","item":"https:\/\/include.eu\/hr\/dom\/"},{"@type":"ListItem","position":2,"name":"Naslovnica"}]},{"@type":"WebSite","@id":"https:\/\/include.eu\/#website","url":"https:\/\/include.eu\/","name":"Include","description":"Transforming public spaces","publisher":{"@id":"https:\/\/include.eu\/#organization"},"potentialAction":[{"@type":"SearchAction","target":{"@type":"EntryPoint","urlTemplate":"https:\/\/include.eu\/?s={search_term_string}"},"query-input":{"@type":"PropertyValueSpecification","valueRequired":true,"valueName":"search_term_string"}}],"inLanguage":"hr"},{"@type":"Organization","@id":"https:\/\/include.eu\/#organization","name":"Include","url":"https:\/\/include.eu\/","logo":{"@type":"ImageObject","inLanguage":"hr","@id":"https:\/\/include.eu\/#\/schema\/logo\/image\/","url":"https:\/\/include.eu\/app\/uploads\/2020\/12\/include-logo-black-on-white-jpg-5f3a43d048ac0-e1606831093688.jpg","contentUrl":"https:\/\/include.eu\/app\/uploads\/2020\/12\/include-logo-black-on-white-jpg-5f3a43d048ac0-e1606831093688.jpg","width":966,"height":229,"caption":"Include"},"image":{"@id":"https:\/\/include.eu\/#\/schema\/logo\/image\/"},"sameAs":["https:\/\/www.facebook.com\/includehr\/","https:\/\/x.com\/include_ltd"]}]}},"_links":{"self":[{"href":"https:\/\/include.eu\/hr\/wp-json\/wp\/v2\/pages\/3245"}],"collection":[{"href":"https:\/\/include.eu\/hr\/wp-json\/wp\/v2\/pages"}],"about":[{"href":"https:\/\/include.eu\/hr\/wp-json\/wp\/v2\/types\/page"}],"author":[{"embeddable":true,"href":"https:\/\/include.eu\/hr\/wp-json\/wp\/v2\/users\/7"}],"replies":[{"embeddable":true,"href":"https:\/\/include.eu\/hr\/wp-json\/wp\/v2\/comments?post=3245"}],"version-history":[{"count":14,"href":"https:\/\/include.eu\/hr\/wp-json\/wp\/v2\/pages\/3245\/revisions"}],"predecessor-version":[{"id":4318,"href":"https:\/\/include.eu\/hr\/wp-json\/wp\/v2\/pages\/3245\/revisions\/4318"}],"wp:attachment":[{"href":"https:\/\/include.eu\/hr\/wp-json\/wp\/v2\/media?parent=3245"}],"curies":[{"name":"wp","href":"https:\/\/api.w.org\/{rel}","templated":true}]}}