{"id":3132,"date":"2022-03-15T11:27:19","date_gmt":"2022-03-15T10:27:19","guid":{"rendered":"https:\/\/include.eu\/about-us\/nase-vrijednosti\/"},"modified":"2022-07-13T09:49:11","modified_gmt":"2022-07-13T08:49:11","slug":"nase-vrijednosti","status":"publish","type":"page","link":"https:\/\/include.eu\/hr\/o-nama\/nase-vrijednosti\/","title":{"rendered":"Na\u0161e vrijednosti"},"content":{"rendered":"<p>&nbsp;<\/p>\n<pre><img loading=\"lazy\" decoding=\"async\" class=\"alignnone size-full wp-image-3133\" src=\"https:\/\/include.eu\/app\/uploads\/2020\/12\/Include-production-worker.jpg\" alt=\"\" width=\"1140\" height=\"700\" \/><\/pre>\n<p>&nbsp;<\/p>\n<h2>Misija<\/h2>\n<p>S na\u0161im pa\u017eljivo dizajniranim i inovativnim proizvodima transformiramo javne prostore na na\u010din koji do sada nije vi\u0111en, kako bismo stvorili moderno, povezano, samoodr\u017eivo okru\u017eenje koje uklju\u010duje nove i uzbudljive tehnologije koje pru\u017eaju usluge svima. Na\u0161a je misija pru\u017eiti svima priliku da do\u017eive javne prostore na nov na\u010din, a bez obzira gdje \u017eivite, \u017eelimo to u\u010diniti najboljim i najisplativijim iskustvom ikada.<\/p>\n<p>Inovacija je na\u0161e polazi\u0161te i sastavni dio na\u0161e DNK. Svaki proizvod koji napravimo rezultat je inventivnog pristupa, izvanrednog istra\u017eivanja i usmjerenog razvoja, kao i na\u0161eg osobnog cilja da napravimo pozitivnu razliku &#8211; i ne pristajemo na ni\u0161ta manje od izvrsnosti.<\/p>\n<p>&nbsp;<\/p>\n<h2>Na\u0161 pogled<\/h2>\n<p>Vjerujemo u viziju da na\u0161 planet u\u010dinimo boljim mjestom za svakog \u010dovjeka. Uz inovacije i revolucionarnu tehnologiju, u Includeu predani smo stvaranju jedinstvenih, samoodr\u017eivih i inovativnih proizvoda dizajniranih za pobolj\u0161anje kvalitete \u017eivota.<\/p>\n<p>Na\u0161i proizvodi svakodnevno komuniciraju s milijunima ljudi, a bez obzira na njihovu lokaciju, dob ili interese, na\u0161 cilj ostaje isti: stvaranje tehnologije koja \u0107e istinski utjecati i promijeniti njihove \u017eivote.<\/p>\n<p>Inovacije i nove tehnologije su izazovan posao i zato na\u0161u tvrtku \u010dine talentirani ljudi posve\u0107eni novim idejama i izradi proizvoda i usluga na koje mogu biti ponosni. Jedno je sigurno: za nas kao Include ne postoji ne\u0161to nemogu\u0107e.<\/p>\n","protected":false},"excerpt":{"rendered":"<p>&nbsp; &nbsp; Misija S na\u0161im pa\u017eljivo dizajniranim i inovativnim proizvodima transformiramo javne prostore na na\u010din koji do sada nije vi\u0111en, kako bismo stvorili moderno, povezano, samoodr\u017eivo okru\u017eenje koje uklju\u010duje nove i uzbudljive tehnologije koje pru\u017eaju usluge svima. Na\u0161a je misija pru\u017eiti svima priliku da do\u017eive javne prostore na nov na\u010din, a bez obzira gdje \u017eivite, &hellip; <a href=\"https:\/\/include.eu\/hr\/o-nama\/nase-vrijednosti\/\">Continued<\/a><\/p>\n","protected":false},"author":5,"featured_media":0,"parent":3093,"menu_order":0,"comment_status":"closed","ping_status":"closed","template":"","meta":{"_acf_changed":false,"content-type":"","footnotes":""},"class_list":["post-3132","page","type-page","status-publish","hentry"],"acf":[],"yoast_head":"<!-- This site is optimized with the Yoast SEO plugin v23.8 - https:\/\/yoast.com\/wordpress\/plugins\/seo\/ -->\n<title>Na\u0161e vrijednosti - Include<\/title>\n<meta name=\"description\" content=\"Na\u0161e vrijednosti \u2013 misija i vizija. Vjerujemo u to da na\u0161 planet u\u010dinimo boljim mjestom za svakog \u010dovjeka. Mi u Includeu posve\u0107eni smo pobolj\u0161anju kvalitete \u017eivota.\" \/>\n<meta name=\"robots\" content=\"index, follow, max-snippet:-1, max-image-preview:large, max-video-preview:-1\" \/>\n<link rel=\"canonical\" href=\"https:\/\/include.eu\/hr\/o-nama\/nase-vrijednosti\/\" \/>\n<meta property=\"og:locale\" content=\"hr_HR\" \/>\n<meta property=\"og:type\" content=\"article\" \/>\n<meta property=\"og:title\" content=\"Na\u0161e vrijednosti - Include\" \/>\n<meta property=\"og:description\" content=\"Na\u0161e vrijednosti \u2013 misija i vizija. Vjerujemo u to da na\u0161 planet u\u010dinimo boljim mjestom za svakog \u010dovjeka. Mi u Includeu posve\u0107eni smo pobolj\u0161anju kvalitete \u017eivota.\" \/>\n<meta property=\"og:url\" content=\"https:\/\/include.eu\/hr\/o-nama\/nase-vrijednosti\/\" \/>\n<meta property=\"og:site_name\" content=\"Include\" \/>\n<meta property=\"article:publisher\" content=\"https:\/\/www.facebook.com\/includehr\/\" \/>\n<meta property=\"article:modified_time\" content=\"2022-07-13T08:49:11+00:00\" \/>\n<meta property=\"og:image\" content=\"https:\/\/include.eu\/app\/uploads\/2020\/12\/Include-production-worker.jpg\" \/>\n<meta name=\"twitter:card\" content=\"summary_large_image\" \/>\n<meta name=\"twitter:site\" content=\"@include_ltd\" \/>\n<script type=\"application\/ld+json\" class=\"yoast-schema-graph\">{\"@context\":\"https:\/\/schema.org\",\"@graph\":[{\"@type\":\"WebPage\",\"@id\":\"https:\/\/include.eu\/hr\/o-nama\/nase-vrijednosti\/\",\"url\":\"https:\/\/include.eu\/hr\/o-nama\/nase-vrijednosti\/\",\"name\":\"Na\u0161e vrijednosti - Include\",\"isPartOf\":{\"@id\":\"https:\/\/include.eu\/#website\"},\"primaryImageOfPage\":{\"@id\":\"https:\/\/include.eu\/hr\/o-nama\/nase-vrijednosti\/#primaryimage\"},\"image\":{\"@id\":\"https:\/\/include.eu\/hr\/o-nama\/nase-vrijednosti\/#primaryimage\"},\"thumbnailUrl\":\"https:\/\/include.eu\/app\/uploads\/2020\/12\/Include-production-worker.jpg\",\"datePublished\":\"2022-03-15T10:27:19+00:00\",\"dateModified\":\"2022-07-13T08:49:11+00:00\",\"description\":\"Na\u0161e vrijednosti \u2013 misija i vizija. Vjerujemo u to da na\u0161 planet u\u010dinimo boljim mjestom za svakog \u010dovjeka. Mi u Includeu posve\u0107eni smo pobolj\u0161anju kvalitete \u017eivota.\",\"breadcrumb\":{\"@id\":\"https:\/\/include.eu\/hr\/o-nama\/nase-vrijednosti\/#breadcrumb\"},\"inLanguage\":\"hr\",\"potentialAction\":[{\"@type\":\"ReadAction\",\"target\":[\"https:\/\/include.eu\/hr\/o-nama\/nase-vrijednosti\/\"]}]},{\"@type\":\"ImageObject\",\"inLanguage\":\"hr\",\"@id\":\"https:\/\/include.eu\/hr\/o-nama\/nase-vrijednosti\/#primaryimage\",\"url\":\"https:\/\/include.eu\/app\/uploads\/2020\/12\/Include-production-worker.jpg\",\"contentUrl\":\"https:\/\/include.eu\/app\/uploads\/2020\/12\/Include-production-worker.jpg\"},{\"@type\":\"BreadcrumbList\",\"@id\":\"https:\/\/include.eu\/hr\/o-nama\/nase-vrijednosti\/#breadcrumb\",\"itemListElement\":[{\"@type\":\"ListItem\",\"position\":1,\"name\":\"Home\",\"item\":\"https:\/\/include.eu\/hr\/dom\/\"},{\"@type\":\"ListItem\",\"position\":2,\"name\":\"O nama\",\"item\":\"https:\/\/include.eu\/hr\/o-nama\/\"},{\"@type\":\"ListItem\",\"position\":3,\"name\":\"Na\u0161e vrijednosti\"}]},{\"@type\":\"WebSite\",\"@id\":\"https:\/\/include.eu\/#website\",\"url\":\"https:\/\/include.eu\/\",\"name\":\"Include\",\"description\":\"Transforming public spaces\",\"publisher\":{\"@id\":\"https:\/\/include.eu\/#organization\"},\"potentialAction\":[{\"@type\":\"SearchAction\",\"target\":{\"@type\":\"EntryPoint\",\"urlTemplate\":\"https:\/\/include.eu\/?s={search_term_string}\"},\"query-input\":{\"@type\":\"PropertyValueSpecification\",\"valueRequired\":true,\"valueName\":\"search_term_string\"}}],\"inLanguage\":\"hr\"},{\"@type\":\"Organization\",\"@id\":\"https:\/\/include.eu\/#organization\",\"name\":\"Include\",\"url\":\"https:\/\/include.eu\/\",\"logo\":{\"@type\":\"ImageObject\",\"inLanguage\":\"hr\",\"@id\":\"https:\/\/include.eu\/#\/schema\/logo\/image\/\",\"url\":\"https:\/\/include.eu\/app\/uploads\/2020\/12\/include-logo-black-on-white-jpg-5f3a43d048ac0-e1606831093688.jpg\",\"contentUrl\":\"https:\/\/include.eu\/app\/uploads\/2020\/12\/include-logo-black-on-white-jpg-5f3a43d048ac0-e1606831093688.jpg\",\"width\":966,\"height\":229,\"caption\":\"Include\"},\"image\":{\"@id\":\"https:\/\/include.eu\/#\/schema\/logo\/image\/\"},\"sameAs\":[\"https:\/\/www.facebook.com\/includehr\/\",\"https:\/\/x.com\/include_ltd\"]}]}<\/script>\n<!-- \/ Yoast SEO plugin. -->","yoast_head_json":{"title":"Na\u0161e vrijednosti - Include","description":"Na\u0161e vrijednosti \u2013 misija i vizija. Vjerujemo u to da na\u0161 planet u\u010dinimo boljim mjestom za svakog \u010dovjeka. Mi u Includeu posve\u0107eni smo pobolj\u0161anju kvalitete \u017eivota.","robots":{"index":"index","follow":"follow","max-snippet":"max-snippet:-1","max-image-preview":"max-image-preview:large","max-video-preview":"max-video-preview:-1"},"canonical":"https:\/\/include.eu\/hr\/o-nama\/nase-vrijednosti\/","og_locale":"hr_HR","og_type":"article","og_title":"Na\u0161e vrijednosti - Include","og_description":"Na\u0161e vrijednosti \u2013 misija i vizija. Vjerujemo u to da na\u0161 planet u\u010dinimo boljim mjestom za svakog \u010dovjeka. Mi u Includeu posve\u0107eni smo pobolj\u0161anju kvalitete \u017eivota.","og_url":"https:\/\/include.eu\/hr\/o-nama\/nase-vrijednosti\/","og_site_name":"Include","article_publisher":"https:\/\/www.facebook.com\/includehr\/","article_modified_time":"2022-07-13T08:49:11+00:00","og_image":[{"url":"https:\/\/include.eu\/app\/uploads\/2020\/12\/Include-production-worker.jpg"}],"twitter_card":"summary_large_image","twitter_site":"@include_ltd","schema":{"@context":"https:\/\/schema.org","@graph":[{"@type":"WebPage","@id":"https:\/\/include.eu\/hr\/o-nama\/nase-vrijednosti\/","url":"https:\/\/include.eu\/hr\/o-nama\/nase-vrijednosti\/","name":"Na\u0161e vrijednosti - Include","isPartOf":{"@id":"https:\/\/include.eu\/#website"},"primaryImageOfPage":{"@id":"https:\/\/include.eu\/hr\/o-nama\/nase-vrijednosti\/#primaryimage"},"image":{"@id":"https:\/\/include.eu\/hr\/o-nama\/nase-vrijednosti\/#primaryimage"},"thumbnailUrl":"https:\/\/include.eu\/app\/uploads\/2020\/12\/Include-production-worker.jpg","datePublished":"2022-03-15T10:27:19+00:00","dateModified":"2022-07-13T08:49:11+00:00","description":"Na\u0161e vrijednosti \u2013 misija i vizija. Vjerujemo u to da na\u0161 planet u\u010dinimo boljim mjestom za svakog \u010dovjeka. Mi u Includeu posve\u0107eni smo pobolj\u0161anju kvalitete \u017eivota.","breadcrumb":{"@id":"https:\/\/include.eu\/hr\/o-nama\/nase-vrijednosti\/#breadcrumb"},"inLanguage":"hr","potentialAction":[{"@type":"ReadAction","target":["https:\/\/include.eu\/hr\/o-nama\/nase-vrijednosti\/"]}]},{"@type":"ImageObject","inLanguage":"hr","@id":"https:\/\/include.eu\/hr\/o-nama\/nase-vrijednosti\/#primaryimage","url":"https:\/\/include.eu\/app\/uploads\/2020\/12\/Include-production-worker.jpg","contentUrl":"https:\/\/include.eu\/app\/uploads\/2020\/12\/Include-production-worker.jpg"},{"@type":"BreadcrumbList","@id":"https:\/\/include.eu\/hr\/o-nama\/nase-vrijednosti\/#breadcrumb","itemListElement":[{"@type":"ListItem","position":1,"name":"Home","item":"https:\/\/include.eu\/hr\/dom\/"},{"@type":"ListItem","position":2,"name":"O nama","item":"https:\/\/include.eu\/hr\/o-nama\/"},{"@type":"ListItem","position":3,"name":"Na\u0161e vrijednosti"}]},{"@type":"WebSite","@id":"https:\/\/include.eu\/#website","url":"https:\/\/include.eu\/","name":"Include","description":"Transforming public spaces","publisher":{"@id":"https:\/\/include.eu\/#organization"},"potentialAction":[{"@type":"SearchAction","target":{"@type":"EntryPoint","urlTemplate":"https:\/\/include.eu\/?s={search_term_string}"},"query-input":{"@type":"PropertyValueSpecification","valueRequired":true,"valueName":"search_term_string"}}],"inLanguage":"hr"},{"@type":"Organization","@id":"https:\/\/include.eu\/#organization","name":"Include","url":"https:\/\/include.eu\/","logo":{"@type":"ImageObject","inLanguage":"hr","@id":"https:\/\/include.eu\/#\/schema\/logo\/image\/","url":"https:\/\/include.eu\/app\/uploads\/2020\/12\/include-logo-black-on-white-jpg-5f3a43d048ac0-e1606831093688.jpg","contentUrl":"https:\/\/include.eu\/app\/uploads\/2020\/12\/include-logo-black-on-white-jpg-5f3a43d048ac0-e1606831093688.jpg","width":966,"height":229,"caption":"Include"},"image":{"@id":"https:\/\/include.eu\/#\/schema\/logo\/image\/"},"sameAs":["https:\/\/www.facebook.com\/includehr\/","https:\/\/x.com\/include_ltd"]}]}},"_links":{"self":[{"href":"https:\/\/include.eu\/hr\/wp-json\/wp\/v2\/pages\/3132"}],"collection":[{"href":"https:\/\/include.eu\/hr\/wp-json\/wp\/v2\/pages"}],"about":[{"href":"https:\/\/include.eu\/hr\/wp-json\/wp\/v2\/types\/page"}],"author":[{"embeddable":true,"href":"https:\/\/include.eu\/hr\/wp-json\/wp\/v2\/users\/5"}],"replies":[{"embeddable":true,"href":"https:\/\/include.eu\/hr\/wp-json\/wp\/v2\/comments?post=3132"}],"version-history":[{"count":5,"href":"https:\/\/include.eu\/hr\/wp-json\/wp\/v2\/pages\/3132\/revisions"}],"predecessor-version":[{"id":4244,"href":"https:\/\/include.eu\/hr\/wp-json\/wp\/v2\/pages\/3132\/revisions\/4244"}],"up":[{"embeddable":true,"href":"https:\/\/include.eu\/hr\/wp-json\/wp\/v2\/pages\/3093"}],"wp:attachment":[{"href":"https:\/\/include.eu\/hr\/wp-json\/wp\/v2\/media?parent=3132"}],"curies":[{"name":"wp","href":"https:\/\/api.w.org\/{rel}","templated":true}]}}