{"id":3093,"date":"2022-03-14T15:24:26","date_gmt":"2022-03-14T14:24:26","guid":{"rendered":"https:\/\/include.eu\/?page_id=3093"},"modified":"2022-07-21T08:32:41","modified_gmt":"2022-07-21T07:32:41","slug":"o-nama","status":"publish","type":"page","link":"https:\/\/include.eu\/hr\/o-nama\/","title":{"rendered":"O nama"},"content":{"rendered":"<p>Na\u0161 put zapo\u010deo je 2015. u \u017eelji da kreiramo jednostavnu uli\u010dnu klupu kao izvor odr\u017eive energije koja omogu\u0107uje ljudima da ostanu povezani. Ideja o pametnoj klupi rodila se kada je na\u0161 osniva\u010d i i izvr\u0161ni direktor Ivan Mrvo\u0161 radio na razvoju prototipa stola s opcijom punjenja pametnih ure\u0111aja namijenjene ugostiteljstvu. Ubrzo je shvatio da je klupa, koju pokre\u0107e obnovljiva sun\u010deva energija, odr\u017eivije rje\u0161enje koje mo\u017ee poslu\u017eiti i kao javni Wi-Fi hotspot te je dostupno svima.<\/p>\n<p>Nakon \u0161to je smislio i izradio prvi prototip pametne klupe, Ivan je \u017eelio svoju inovaciju predstaviti lokalnim gradovima i op\u0107inama koji \u017eele obogatitit javnu ponudu grada i u\u010diniti dostupnom svim gra\u0111anima i posjetiteljima. U prvih \u0161esti mjeseci, prodao je 27 klupa i krenuo u zapo\u0161ljavanje. Brend Steora lansiran je u prosincu 2015., a u narednim godinama koncept pametne klupe je prepoznat i prihva\u0107en u cijelom svijetu, ne samo kao standard u industriji pametnih gradova, ve\u0107 i kao alat za u\u010denje o prednostima obnovljive energije koje svatko mo\u017ee do\u017eivjeti.<\/p>\n<p>Include je od tada izrastao u tvrtku koja dizajnira, razvija i proizvodi razna rje\u0161enja za\u00a0 gradove i lokalne samouprave, pridonose\u0107i javnoj povezanosti, mikromobilnosti, upravljanju otpadom te mjerenju kvalitete zraka.<\/p>\n<p>S globalnim odsjekom od preko 1700 isporu\u010denih proizvoda na 60 tr\u017ei\u0161ta u vi\u0161e od 500 gradova i op\u0107ina diljem svijeta, dio smo najzna\u010dajnijih &#8216;Smart City&#8217; projekata, prepoznati od strane\u00a0Deutsche Telekom Groupe, Nokia, Kia i Red Bull, koji su tako\u0111er kupili i podr\u017eali na\u0161e proizvode.<\/p>\n<p>Do sada smo prikupili investicijski kapital u ukupnom iznosu od 3,4 milijuna eura kako bi nam pomogao da pro\u0161irimo svoju viziju pametnijih, odr\u017eivijih zajednica. Sredstva smo ulo\u017eili u istra\u017eivanje i razvoj novih tehnologija pametnih gradova, kao i za izgradnju na\u0161eg velikog proizvodnog pogona koji se sastoji od obrade metalnih dijelova, radionice za zavarivanje, komore zabojanje, SMT stroja za odabir i postavljanje i monta\u017ene linije . Kontrolom cjelokupnog proizvodnog procesa unutar tvrtke, osiguravamo br\u017ee vrijeme isporuke, ve\u0107u kontrolu kvalitete i ni\u017ee cijene za na\u0161e kupce i partnere.<\/p>\n<p>Include proizvodi izra\u0111eni su u potpunosti u Europskoj uniji, s lokalnim komponentama i na\u0161om domi\u0161ljato\u0161\u0107u, istra\u017eivanjem i stru\u010dno\u0161\u0107u u dizajnu. Svaki proizvod koji stvaramo izgra\u0111en je prema najvi\u0161im standardima kvalitete, \u0161to potvr\u0111uju industrijski certifikati kao CE oznaka.<\/p>\n<p>U\u010diniti na\u0161e zajednice boljim mjestom za \u017eivot moto je svega \u0161to radimo. Zato neprestano istra\u017eujemo, razvijamo i inoviramo odr\u017eiva rje\u0161enja pametnog grada koja mogu imati koristi za ve\u0107e dobro.<\/p>\n<p>#IncludeYourse u stvaranje na\u0161ih zajednica boljim mjestom za \u017eivot.<\/p>\n","protected":false},"excerpt":{"rendered":"<p>Na\u0161 put zapo\u010deo je 2015. u \u017eelji da kreiramo jednostavnu uli\u010dnu klupu kao izvor odr\u017eive energije koja omogu\u0107uje ljudima da ostanu povezani. Ideja o pametnoj klupi rodila se kada je na\u0161 osniva\u010d i i izvr\u0161ni direktor Ivan Mrvo\u0161 radio na razvoju prototipa stola s opcijom punjenja pametnih ure\u0111aja namijenjene ugostiteljstvu. Ubrzo je shvatio da je &hellip; <a href=\"https:\/\/include.eu\/hr\/o-nama\/\">Continued<\/a><\/p>\n","protected":false},"author":7,"featured_media":3097,"parent":0,"menu_order":0,"comment_status":"closed","ping_status":"closed","template":"views\/template-hero.blade.php","meta":{"_acf_changed":false,"content-type":"","footnotes":""},"class_list":["post-3093","page","type-page","status-publish","has-post-thumbnail","hentry"],"acf":[],"yoast_head":"<!-- This site is optimized with the Yoast SEO plugin v23.8 - https:\/\/yoast.com\/wordpress\/plugins\/seo\/ -->\n<title>O nama - Include<\/title>\n<meta name=\"description\" content=\"Include je hrvatska tvrtka koja razvija uli\u010dnu opremu Smart City koju godi\u0161nje koristi vi\u0161e od 3,6 milijuna ljudi.\" \/>\n<meta name=\"robots\" content=\"index, follow, max-snippet:-1, max-image-preview:large, max-video-preview:-1\" \/>\n<link rel=\"canonical\" href=\"https:\/\/include.eu\/hr\/o-nama\/\" \/>\n<meta property=\"og:locale\" content=\"hr_HR\" \/>\n<meta property=\"og:type\" content=\"article\" \/>\n<meta property=\"og:title\" content=\"O nama - Include\" \/>\n<meta property=\"og:description\" content=\"Include je hrvatska tvrtka koja razvija uli\u010dnu opremu Smart City koju godi\u0161nje koristi vi\u0161e od 3,6 milijuna ljudi.\" \/>\n<meta property=\"og:url\" content=\"https:\/\/include.eu\/hr\/o-nama\/\" \/>\n<meta property=\"og:site_name\" content=\"Include\" \/>\n<meta property=\"article:publisher\" content=\"https:\/\/www.facebook.com\/includehr\/\" \/>\n<meta property=\"article:modified_time\" content=\"2022-07-21T07:32:41+00:00\" \/>\n<meta property=\"og:image\" content=\"https:\/\/include.eu\/app\/uploads\/2020\/12\/zajednicka-editirana.jpg\" \/>\n\t<meta property=\"og:image:width\" content=\"2400\" \/>\n\t<meta property=\"og:image:height\" content=\"1600\" \/>\n\t<meta property=\"og:image:type\" content=\"image\/jpeg\" \/>\n<meta name=\"twitter:card\" content=\"summary_large_image\" \/>\n<meta name=\"twitter:site\" content=\"@include_ltd\" \/>\n<script type=\"application\/ld+json\" class=\"yoast-schema-graph\">{\"@context\":\"https:\/\/schema.org\",\"@graph\":[{\"@type\":\"WebPage\",\"@id\":\"https:\/\/include.eu\/hr\/o-nama\/\",\"url\":\"https:\/\/include.eu\/hr\/o-nama\/\",\"name\":\"O nama - Include\",\"isPartOf\":{\"@id\":\"https:\/\/include.eu\/#website\"},\"primaryImageOfPage\":{\"@id\":\"https:\/\/include.eu\/hr\/o-nama\/#primaryimage\"},\"image\":{\"@id\":\"https:\/\/include.eu\/hr\/o-nama\/#primaryimage\"},\"thumbnailUrl\":\"https:\/\/include.eu\/app\/uploads\/2020\/12\/zajednicka-editirana.jpg\",\"datePublished\":\"2022-03-14T14:24:26+00:00\",\"dateModified\":\"2022-07-21T07:32:41+00:00\",\"description\":\"Include je hrvatska tvrtka koja razvija uli\u010dnu opremu Smart City koju godi\u0161nje koristi vi\u0161e od 3,6 milijuna ljudi.\",\"breadcrumb\":{\"@id\":\"https:\/\/include.eu\/hr\/o-nama\/#breadcrumb\"},\"inLanguage\":\"hr\",\"potentialAction\":[{\"@type\":\"ReadAction\",\"target\":[\"https:\/\/include.eu\/hr\/o-nama\/\"]}]},{\"@type\":\"ImageObject\",\"inLanguage\":\"hr\",\"@id\":\"https:\/\/include.eu\/hr\/o-nama\/#primaryimage\",\"url\":\"https:\/\/include.eu\/app\/uploads\/2020\/12\/zajednicka-editirana.jpg\",\"contentUrl\":\"https:\/\/include.eu\/app\/uploads\/2020\/12\/zajednicka-editirana.jpg\",\"width\":2400,\"height\":1600,\"caption\":\"Uklju\u010dite \u010dlanove tima\"},{\"@type\":\"BreadcrumbList\",\"@id\":\"https:\/\/include.eu\/hr\/o-nama\/#breadcrumb\",\"itemListElement\":[{\"@type\":\"ListItem\",\"position\":1,\"name\":\"Home\",\"item\":\"https:\/\/include.eu\/hr\/dom\/\"},{\"@type\":\"ListItem\",\"position\":2,\"name\":\"O nama\"}]},{\"@type\":\"WebSite\",\"@id\":\"https:\/\/include.eu\/#website\",\"url\":\"https:\/\/include.eu\/\",\"name\":\"Include\",\"description\":\"Transforming public spaces\",\"publisher\":{\"@id\":\"https:\/\/include.eu\/#organization\"},\"potentialAction\":[{\"@type\":\"SearchAction\",\"target\":{\"@type\":\"EntryPoint\",\"urlTemplate\":\"https:\/\/include.eu\/?s={search_term_string}\"},\"query-input\":{\"@type\":\"PropertyValueSpecification\",\"valueRequired\":true,\"valueName\":\"search_term_string\"}}],\"inLanguage\":\"hr\"},{\"@type\":\"Organization\",\"@id\":\"https:\/\/include.eu\/#organization\",\"name\":\"Include\",\"url\":\"https:\/\/include.eu\/\",\"logo\":{\"@type\":\"ImageObject\",\"inLanguage\":\"hr\",\"@id\":\"https:\/\/include.eu\/#\/schema\/logo\/image\/\",\"url\":\"https:\/\/include.eu\/app\/uploads\/2020\/12\/include-logo-black-on-white-jpg-5f3a43d048ac0-e1606831093688.jpg\",\"contentUrl\":\"https:\/\/include.eu\/app\/uploads\/2020\/12\/include-logo-black-on-white-jpg-5f3a43d048ac0-e1606831093688.jpg\",\"width\":966,\"height\":229,\"caption\":\"Include\"},\"image\":{\"@id\":\"https:\/\/include.eu\/#\/schema\/logo\/image\/\"},\"sameAs\":[\"https:\/\/www.facebook.com\/includehr\/\",\"https:\/\/x.com\/include_ltd\"]}]}<\/script>\n<!-- \/ Yoast SEO plugin. -->","yoast_head_json":{"title":"O nama - Include","description":"Include je hrvatska tvrtka koja razvija uli\u010dnu opremu Smart City koju godi\u0161nje koristi vi\u0161e od 3,6 milijuna ljudi.","robots":{"index":"index","follow":"follow","max-snippet":"max-snippet:-1","max-image-preview":"max-image-preview:large","max-video-preview":"max-video-preview:-1"},"canonical":"https:\/\/include.eu\/hr\/o-nama\/","og_locale":"hr_HR","og_type":"article","og_title":"O nama - Include","og_description":"Include je hrvatska tvrtka koja razvija uli\u010dnu opremu Smart City koju godi\u0161nje koristi vi\u0161e od 3,6 milijuna ljudi.","og_url":"https:\/\/include.eu\/hr\/o-nama\/","og_site_name":"Include","article_publisher":"https:\/\/www.facebook.com\/includehr\/","article_modified_time":"2022-07-21T07:32:41+00:00","og_image":[{"width":2400,"height":1600,"url":"https:\/\/include.eu\/app\/uploads\/2020\/12\/zajednicka-editirana.jpg","type":"image\/jpeg"}],"twitter_card":"summary_large_image","twitter_site":"@include_ltd","schema":{"@context":"https:\/\/schema.org","@graph":[{"@type":"WebPage","@id":"https:\/\/include.eu\/hr\/o-nama\/","url":"https:\/\/include.eu\/hr\/o-nama\/","name":"O nama - Include","isPartOf":{"@id":"https:\/\/include.eu\/#website"},"primaryImageOfPage":{"@id":"https:\/\/include.eu\/hr\/o-nama\/#primaryimage"},"image":{"@id":"https:\/\/include.eu\/hr\/o-nama\/#primaryimage"},"thumbnailUrl":"https:\/\/include.eu\/app\/uploads\/2020\/12\/zajednicka-editirana.jpg","datePublished":"2022-03-14T14:24:26+00:00","dateModified":"2022-07-21T07:32:41+00:00","description":"Include je hrvatska tvrtka koja razvija uli\u010dnu opremu Smart City koju godi\u0161nje koristi vi\u0161e od 3,6 milijuna ljudi.","breadcrumb":{"@id":"https:\/\/include.eu\/hr\/o-nama\/#breadcrumb"},"inLanguage":"hr","potentialAction":[{"@type":"ReadAction","target":["https:\/\/include.eu\/hr\/o-nama\/"]}]},{"@type":"ImageObject","inLanguage":"hr","@id":"https:\/\/include.eu\/hr\/o-nama\/#primaryimage","url":"https:\/\/include.eu\/app\/uploads\/2020\/12\/zajednicka-editirana.jpg","contentUrl":"https:\/\/include.eu\/app\/uploads\/2020\/12\/zajednicka-editirana.jpg","width":2400,"height":1600,"caption":"Uklju\u010dite \u010dlanove tima"},{"@type":"BreadcrumbList","@id":"https:\/\/include.eu\/hr\/o-nama\/#breadcrumb","itemListElement":[{"@type":"ListItem","position":1,"name":"Home","item":"https:\/\/include.eu\/hr\/dom\/"},{"@type":"ListItem","position":2,"name":"O nama"}]},{"@type":"WebSite","@id":"https:\/\/include.eu\/#website","url":"https:\/\/include.eu\/","name":"Include","description":"Transforming public spaces","publisher":{"@id":"https:\/\/include.eu\/#organization"},"potentialAction":[{"@type":"SearchAction","target":{"@type":"EntryPoint","urlTemplate":"https:\/\/include.eu\/?s={search_term_string}"},"query-input":{"@type":"PropertyValueSpecification","valueRequired":true,"valueName":"search_term_string"}}],"inLanguage":"hr"},{"@type":"Organization","@id":"https:\/\/include.eu\/#organization","name":"Include","url":"https:\/\/include.eu\/","logo":{"@type":"ImageObject","inLanguage":"hr","@id":"https:\/\/include.eu\/#\/schema\/logo\/image\/","url":"https:\/\/include.eu\/app\/uploads\/2020\/12\/include-logo-black-on-white-jpg-5f3a43d048ac0-e1606831093688.jpg","contentUrl":"https:\/\/include.eu\/app\/uploads\/2020\/12\/include-logo-black-on-white-jpg-5f3a43d048ac0-e1606831093688.jpg","width":966,"height":229,"caption":"Include"},"image":{"@id":"https:\/\/include.eu\/#\/schema\/logo\/image\/"},"sameAs":["https:\/\/www.facebook.com\/includehr\/","https:\/\/x.com\/include_ltd"]}]}},"_links":{"self":[{"href":"https:\/\/include.eu\/hr\/wp-json\/wp\/v2\/pages\/3093"}],"collection":[{"href":"https:\/\/include.eu\/hr\/wp-json\/wp\/v2\/pages"}],"about":[{"href":"https:\/\/include.eu\/hr\/wp-json\/wp\/v2\/types\/page"}],"author":[{"embeddable":true,"href":"https:\/\/include.eu\/hr\/wp-json\/wp\/v2\/users\/7"}],"replies":[{"embeddable":true,"href":"https:\/\/include.eu\/hr\/wp-json\/wp\/v2\/comments?post=3093"}],"version-history":[{"count":9,"href":"https:\/\/include.eu\/hr\/wp-json\/wp\/v2\/pages\/3093\/revisions"}],"predecessor-version":[{"id":4311,"href":"https:\/\/include.eu\/hr\/wp-json\/wp\/v2\/pages\/3093\/revisions\/4311"}],"wp:featuredmedia":[{"embeddable":true,"href":"https:\/\/include.eu\/hr\/wp-json\/wp\/v2\/media\/3097"}],"wp:attachment":[{"href":"https:\/\/include.eu\/hr\/wp-json\/wp\/v2\/media?parent=3093"}],"curies":[{"name":"wp","href":"https:\/\/api.w.org\/{rel}","templated":true}]}}